{"id":44,"date":"2020-07-15T09:01:57","date_gmt":"2020-07-15T07:01:57","guid":{"rendered":"https:\/\/diepflege.org\/?page_id=44"},"modified":"2023-03-03T08:52:59","modified_gmt":"2023-03-03T07:52:59","slug":"ueber-uns","status":"publish","type":"page","link":"https:\/\/diepflege.org\/?page_id=44","title":{"rendered":"\u00dcber Uns"},"content":{"rendered":"\n<p>DiePflege.org ist ein freier Zusammenschluss von Pflegenden aus allen Bereichen. Wir sind kein Verein sondern eine lockere Autorengruppe, teils in unterschiedlichen Berufsverb\u00e4nden und Gewerkschaften organisiert.<\/p>\n\n\n\n<figure class=\"wp-block-embed is-type-rich is-provider-twitter wp-block-embed-twitter\"><div class=\"wp-block-embed__wrapper\">\n<a class=\"twitter-timeline\" data-width=\"680\" data-height=\"1000\" data-dnt=\"true\" href=\"https:\/\/twitter.com\/PflegeDie?ref_src=twsrc%5Etfw\">Tweets by PflegeDie<\/a><script async src=\"https:\/\/platform.twitter.com\/widgets.js\" charset=\"utf-8\"><\/script>\n<\/div><figcaption>Unsere Pr\u00e4senz auf Twitter<\/figcaption><\/figure>\n\n\n\n<h5>Kontakt<\/h5>\n\n\n\n<p>pflege @ diepflege . org<\/p>\n\n\n\n<p>Chantal Schnei\u00df<\/p>\n\n\n\n<p>Riebeckstra\u00dfe 5<\/p>\n\n\n\n<p>04217 Leipzig<\/p>\n","protected":false},"excerpt":{"rendered":"<p>DiePflege.org ist ein freier Zusammenschluss von Pflegenden aus allen Bereichen. Wir sind kein Verein sondern eine lockere Autorengruppe, teils in unterschiedlichen Berufsverb\u00e4nden und Gewerkschaften organisiert. Kontakt pflege @ diepflege . org Chantal Schnei\u00df Riebeckstra\u00dfe 5 04217 Leipzig<\/p>\n","protected":false},"author":1,"featured_media":0,"parent":0,"menu_order":0,"comment_status":"closed","ping_status":"closed","template":"","meta":[],"_links":{"self":[{"href":"https:\/\/diepflege.org\/index.php?rest_route=\/wp\/v2\/pages\/44"}],"collection":[{"href":"https:\/\/diepflege.org\/index.php?rest_route=\/wp\/v2\/pages"}],"about":[{"href":"https:\/\/diepflege.org\/index.php?rest_route=\/wp\/v2\/types\/page"}],"author":[{"embeddable":true,"href":"https:\/\/diepflege.org\/index.php?rest_route=\/wp\/v2\/users\/1"}],"replies":[{"embeddable":true,"href":"https:\/\/diepflege.org\/index.php?rest_route=%2Fwp%2Fv2%2Fcomments&post=44"}],"version-history":[{"count":13,"href":"https:\/\/diepflege.org\/index.php?rest_route=\/wp\/v2\/pages\/44\/revisions"}],"predecessor-version":[{"id":802,"href":"https:\/\/diepflege.org\/index.php?rest_route=\/wp\/v2\/pages\/44\/revisions\/802"}],"wp:attachment":[{"href":"https:\/\/diepflege.org\/index.php?rest_route=%2Fwp%2Fv2%2Fmedia&parent=44"}],"curies":[{"name":"wp","href":"https:\/\/api.w.org\/{rel}","templated":true}]}}